{"id":3376,"date":"2021-08-29T17:35:33","date_gmt":"2021-08-29T17:35:33","guid":{"rendered":"https:\/\/wptf.themepul.co\/restly\/?page_id=3376"},"modified":"2024-09-03T20:34:00","modified_gmt":"2024-09-03T23:34:00","slug":"sobre-nos","status":"publish","type":"page","link":"https:\/\/centrounitas.com.br\/en\/who-we-are\/","title":{"rendered":"About Us"},"content":{"rendered":"<div data-elementor-type=\"wp-page\" data-elementor-id=\"3376\" class=\"elementor elementor-3376\">\n\t\t\t\t<div class=\"elementor-element elementor-element-ce29a1d e-flex e-con-boxed e-con e-parent\" data-id=\"ce29a1d\" data-element_type=\"container\" data-e-type=\"container\">\n\t\t\t\t\t<div class=\"e-con-inner\">\n\t\t\t\t<div class=\"elementor-element elementor-element-d4c63e1 elementor-widget elementor-widget-spacer\" data-id=\"d4c63e1\" data-element_type=\"widget\" data-e-type=\"widget\" data-widget_type=\"spacer.default\">\n\t\t\t\t<div class=\"elementor-widget-container\">\n\t\t\t\t\t\t\t<div class=\"elementor-spacer\">\n\t\t\t<div class=\"elementor-spacer-inner\"><\/div>\n\t\t<\/div>\n\t\t\t\t\t\t<\/div>\n\t\t\t\t<\/div>\n\t\t\t\t\t<\/div>\n\t\t\t\t<\/div>\n\t\t\t\t<section class=\"elementor-section elementor-top-section elementor-element elementor-element-5b9a407 elementor-section-boxed elementor-section-height-default elementor-section-height-default\" data-id=\"5b9a407\" data-element_type=\"section\" data-e-type=\"section\" data-settings=\"{&quot;background_background&quot;:&quot;classic&quot;}\">\n\t\t\t\t\t\t<div class=\"elementor-container elementor-column-gap-default\">\n\t\t\t\t\t<div class=\"elementor-column elementor-col-50 elementor-top-column elementor-element elementor-element-9fdbeec\" data-id=\"9fdbeec\" data-element_type=\"column\" data-e-type=\"column\">\n\t\t\t<div class=\"elementor-widget-wrap elementor-element-populated\">\n\t\t\t\t\t\t<div class=\"elementor-element elementor-element-bce906f elementor-widget elementor-widget-restly_about\" data-id=\"bce906f\" data-element_type=\"widget\" data-e-type=\"widget\" data-widget_type=\"restly_about.default\">\n\t\t\t\t<div class=\"elementor-widget-container\">\n\t\t\t\t\t        <div class=\"restly-about-wrapper\">\n            <div class=\"restly-about-content text-left\">\n                                \n                <h6 class=\"restly-about-stitle\"><span>Centro Unitas<\/span><\/h6>\n                \n                <h2 class=\"restly-about-title\"><\/h2>\n                <div class=\"restly-about-dec\">\n                    <h6><span style=\"font-weight: 400\"> A Jungian Place of transformation.\u00a0<\/span><\/h6><h6><span style=\"font-weight: 400\">From a state of chaos to a new order.\u00a0<\/span><\/h6><h6><span style=\"font-weight: 400\">Clarification, understanding, transformation and meaning.<\/span><\/h6><h6><span style=\"font-weight: 400\">Centro Unitas, which from the Latin means union, connection, is born from the desire to promote a space of transformation that leads to a sense of internal connection and with the world.\u00a0<\/span><\/h6><h6><span style=\"font-weight: 400\">For a more creative life, full of meaning and integrity.\u00a0\u00a0\u00a0<\/span><\/h6><h6><span style=\"font-weight: 400\">Our starting point is analytical psychology, our proposal is meaningful meetings, through lectures, seminars and group experiences for those who seek self-knowledge as a path to transforming themselves and the world around them.<\/span><\/h6>                <\/div>\n            <\/div>\n        <\/div>\n        \t\t\t\t<\/div>\n\t\t\t\t<\/div>\n\t\t\t\t\t<\/div>\n\t\t<\/div>\n\t\t\t\t<div class=\"elementor-column elementor-col-50 elementor-top-column elementor-element elementor-element-d52bd23\" data-id=\"d52bd23\" data-element_type=\"column\" data-e-type=\"column\">\n\t\t\t<div class=\"elementor-widget-wrap elementor-element-populated\">\n\t\t\t\t\t\t<div class=\"elementor-element elementor-element-2c4cb71 elementor-widget__width-initial elementor-widget elementor-widget-image\" data-id=\"2c4cb71\" data-element_type=\"widget\" data-e-type=\"widget\" data-widget_type=\"image.default\">\n\t\t\t\t<div class=\"elementor-widget-container\">\n\t\t\t\t\t\t\t\t\t\t\t\t\t\t\t<img fetchpriority=\"high\" decoding=\"async\" width=\"600\" height=\"463\" src=\"https:\/\/centrounitas.com.br\/wp-content\/uploads\/2024\/07\/Sobre_1-e1720565666576.png\" class=\"attachment-full size-full wp-image-10581\" alt=\"\" \/>\t\t\t\t\t\t\t\t\t\t\t\t\t\t\t<\/div>\n\t\t\t\t<\/div>\n\t\t\t\t\t<\/div>\n\t\t<\/div>\n\t\t\t\t\t<\/div>\n\t\t<\/section>\n\t\t\t\t<section class=\"elementor-section elementor-top-section elementor-element elementor-element-1b2261b elementor-section-boxed elementor-section-height-default elementor-section-height-default\" data-id=\"1b2261b\" data-element_type=\"section\" data-e-type=\"section\" data-settings=\"{&quot;background_background&quot;:&quot;classic&quot;}\">\n\t\t\t\t\t\t<div class=\"elementor-container elementor-column-gap-no\">\n\t\t\t\t\t<div class=\"elementor-column elementor-col-33 elementor-top-column elementor-element elementor-element-e9ebb98\" data-id=\"e9ebb98\" data-element_type=\"column\" data-e-type=\"column\" data-settings=\"{&quot;background_background&quot;:&quot;classic&quot;}\">\n\t\t\t<div class=\"elementor-widget-wrap elementor-element-populated\">\n\t\t\t\t\t\t<div class=\"elementor-element elementor-element-11aeffc elementor-widget elementor-widget-spacer\" data-id=\"11aeffc\" data-element_type=\"widget\" data-e-type=\"widget\" data-widget_type=\"spacer.default\">\n\t\t\t\t<div class=\"elementor-widget-container\">\n\t\t\t\t\t\t\t<div class=\"elementor-spacer\">\n\t\t\t<div class=\"elementor-spacer-inner\"><\/div>\n\t\t<\/div>\n\t\t\t\t\t\t<\/div>\n\t\t\t\t<\/div>\n\t\t\t\t\t<\/div>\n\t\t<\/div>\n\t\t\t\t<div class=\"elementor-column elementor-col-66 elementor-top-column elementor-element elementor-element-5106a35\" data-id=\"5106a35\" data-element_type=\"column\" data-e-type=\"column\">\n\t\t\t<div class=\"elementor-widget-wrap elementor-element-populated\">\n\t\t\t\t\t\t<div class=\"elementor-element elementor-element-542d1a2 elementor-widget elementor-widget-restly_about\" data-id=\"542d1a2\" data-element_type=\"widget\" data-e-type=\"widget\" data-widget_type=\"restly_about.default\">\n\t\t\t\t<div class=\"elementor-widget-container\">\n\t\t\t\t\t        <div class=\"restly-about-wrapper\">\n            <div class=\"restly-about-content text-left\">\n                                \n                <h6 class=\"restly-about-stitle\"><span><\/span><\/h6>\n                \n                <h2 class=\"restly-about-title\">Talk to us<\/h2>\n                <div class=\"restly-about-dec\">\n                    <p>Let&#039;s transform together? Get in touch and start your journey with us. Discover our <strong><a href=\"https:\/\/centrounitas.com.br\/en\/privacy\/\" target=\"_blank\" rel=\"noopener\">Privacy Policy<\/a><\/strong>. By filling out the form you agree with our Policy.<\/p>                <\/div>\n            <\/div>\n        <\/div>\n        \t\t\t\t<\/div>\n\t\t\t\t<\/div>\n\t\t\t\t<div class=\"elementor-element elementor-element-d50a19a elementor-widget elementor-widget-shortcode\" data-id=\"d50a19a\" data-element_type=\"widget\" data-e-type=\"widget\" data-widget_type=\"shortcode.default\">\n\t\t\t\t<div class=\"elementor-widget-container\">\n\t\t\t\t\t\t\t<div class=\"elementor-shortcode\">\n<div class=\"wpcf7 no-js\" id=\"wpcf7-f2368-o1\" lang=\"en-US\" dir=\"ltr\" data-wpcf7-id=\"2368\">\n<div class=\"screen-reader-response\"><p role=\"status\" aria-live=\"polite\" aria-atomic=\"true\"><\/p> <ul><\/ul><\/div>\n<form action=\"\/en\/wp-json\/wp\/v2\/pages\/3376#wpcf7-f2368-o1\" method=\"post\" class=\"wpcf7-form init\" aria-label=\"Contact form\" novalidate=\"novalidate\" data-status=\"init\" data-trp-original-action=\"\/en\/wp-json\/wp\/v2\/pages\/3376#wpcf7-f2368-o1\">\n<fieldset class=\"hidden-fields-container\"><input type=\"hidden\" name=\"_wpcf7\" value=\"2368\" \/><input type=\"hidden\" name=\"_wpcf7_version\" value=\"6.1.5\" \/><input type=\"hidden\" name=\"_wpcf7_locale\" value=\"en_US\" \/><input type=\"hidden\" name=\"_wpcf7_unit_tag\" value=\"wpcf7-f2368-o1\" \/><input type=\"hidden\" name=\"_wpcf7_container_post\" value=\"0\" \/><input type=\"hidden\" name=\"_wpcf7_posted_data_hash\" value=\"\" \/><input type=\"hidden\" name=\"_wpcf7_recaptcha_response\" value=\"\" \/>\n<\/fieldset>\n<div class=\"restly-contact-form\">\n    <div class=\"row\">\n        <div class=\"col-12 col-md-6\">\n            <div class=\"restly-input name\"><span class=\"wpcf7-form-control-wrap\" data-name=\"fullname\"><input size=\"40\" maxlength=\"400\" class=\"wpcf7-form-control wpcf7-text wpcf7-validates-as-required\" aria-required=\"true\" aria-invalid=\"false\" placeholder=\"Name*\" value=\"\" type=\"text\" name=\"fullname\" \/><\/span><\/div>\n        <\/div>\n        <div class=\"col-12 col-md-6\">\n            <div class=\"restly-input email\"><span class=\"wpcf7-form-control-wrap\" data-name=\"youremail\"><input size=\"40\" maxlength=\"400\" class=\"wpcf7-form-control wpcf7-email wpcf7-validates-as-required wpcf7-text wpcf7-validates-as-email\" aria-required=\"true\" aria-invalid=\"false\" placeholder=\"Email*\" value=\"\" type=\"email\" name=\"youremail\" \/><\/span><\/div>\n        <\/div>\n        <div class=\"col-12 col-md-12\">\n            <div class=\"restly-input message\"><span class=\"wpcf7-form-control-wrap\" data-name=\"WriteMessage\"><textarea cols=\"10\" rows=\"5\" maxlength=\"2000\" class=\"wpcf7-form-control wpcf7-textarea wpcf7-validates-as-required\" aria-required=\"true\" aria-invalid=\"false\" placeholder=\"Message\" name=\"WriteMessage\"><\/textarea><\/span><\/div>\n            <div class=\"restly-message-btn\">\n                <input class=\"wpcf7-form-control wpcf7-submit has-spinner\" type=\"submit\" value=\"Send Message\" \/>\n            <\/div>\n        <\/div>\n    <\/div>\n<\/div><div class=\"wpcf7-response-output\" aria-hidden=\"true\"><\/div>\n<input type=\"hidden\" name=\"trp-form-language\" value=\"en\"\/><\/form>\n<\/div>\n<\/div>\n\t\t\t\t\t\t<\/div>\n\t\t\t\t<\/div>\n\t\t\t\t\t<\/div>\n\t\t<\/div>\n\t\t\t\t\t<\/div>\n\t\t<\/section>\n\t\t\t\t<\/div>","protected":false},"excerpt":{"rendered":"<p>Centro Unitas Um Espa\u00e7o junguiano de transforma\u00e7\u00e3o. De um estado de caos para um novo ordenamento. Esclarecimento, compreens\u00e3o, transforma\u00e7\u00e3o e sentido. O Centro Unitas, que do Latim significa uni\u00e3o, liga\u00e7\u00e3o e conex\u00e3o,\u00a0 nasce do desejo de promover um espa\u00e7o de transforma\u00e7\u00e3o que leve a um senso de conex\u00e3o interna e com o mundo. Para uma [&hellip;]<\/p>\n","protected":false},"author":2,"featured_media":0,"parent":0,"menu_order":0,"comment_status":"closed","ping_status":"closed","template":"","meta":{"footnotes":""},"class_list":["post-3376","page","type-page","status-publish","hentry"],"aioseo_notices":[],"_links":{"self":[{"href":"https:\/\/centrounitas.com.br\/en\/wp-json\/wp\/v2\/pages\/3376","targetHints":{"allow":["GET"]}}],"collection":[{"href":"https:\/\/centrounitas.com.br\/en\/wp-json\/wp\/v2\/pages"}],"about":[{"href":"https:\/\/centrounitas.com.br\/en\/wp-json\/wp\/v2\/types\/page"}],"author":[{"embeddable":true,"href":"https:\/\/centrounitas.com.br\/en\/wp-json\/wp\/v2\/users\/2"}],"replies":[{"embeddable":true,"href":"https:\/\/centrounitas.com.br\/en\/wp-json\/wp\/v2\/comments?post=3376"}],"version-history":[{"count":75,"href":"https:\/\/centrounitas.com.br\/en\/wp-json\/wp\/v2\/pages\/3376\/revisions"}],"predecessor-version":[{"id":10769,"href":"https:\/\/centrounitas.com.br\/en\/wp-json\/wp\/v2\/pages\/3376\/revisions\/10769"}],"wp:attachment":[{"href":"https:\/\/centrounitas.com.br\/en\/wp-json\/wp\/v2\/media?parent=3376"}],"curies":[{"name":"wp","href":"https:\/\/api.w.org\/{rel}","templated":true}]}}