{"id":8673,"date":"2023-09-20T05:45:21","date_gmt":"2023-09-20T05:45:21","guid":{"rendered":"https:\/\/wptf.themepul.co\/restly\/?page_id=8673"},"modified":"2024-09-20T17:01:50","modified_gmt":"2024-09-20T20:01:50","slug":"equipe","status":"publish","type":"page","link":"https:\/\/centrounitas.com.br\/en\/our-team\/","title":{"rendered":"Team"},"content":{"rendered":"<div data-elementor-type=\"wp-page\" data-elementor-id=\"8673\" class=\"elementor elementor-8673\">\n\t\t\t\t<div class=\"elementor-element elementor-element-a8dc4cc e-flex e-con-boxed e-con e-parent\" data-id=\"a8dc4cc\" data-element_type=\"container\" data-e-type=\"container\">\n\t\t\t\t\t<div class=\"e-con-inner\">\n\t\t\t\t<div class=\"elementor-element elementor-element-9b21e2e elementor-widget elementor-widget-spacer\" data-id=\"9b21e2e\" data-element_type=\"widget\" data-e-type=\"widget\" data-widget_type=\"spacer.default\">\n\t\t\t\t<div class=\"elementor-widget-container\">\n\t\t\t\t\t\t\t<div class=\"elementor-spacer\">\n\t\t\t<div class=\"elementor-spacer-inner\"><\/div>\n\t\t<\/div>\n\t\t\t\t\t\t<\/div>\n\t\t\t\t<\/div>\n\t\t\t\t\t<\/div>\n\t\t\t\t<\/div>\n\t\t\t\t<section class=\"elementor-section elementor-top-section elementor-element elementor-element-9b2584b elementor-section-boxed elementor-section-height-default elementor-section-height-default\" data-id=\"9b2584b\" data-element_type=\"section\" data-e-type=\"section\">\n\t\t\t\t\t\t<div class=\"elementor-container elementor-column-gap-no\">\n\t\t\t\t\t<div class=\"elementor-column elementor-col-100 elementor-top-column elementor-element elementor-element-391ba84\" data-id=\"391ba84\" data-element_type=\"column\" data-e-type=\"column\">\n\t\t\t<div class=\"elementor-widget-wrap elementor-element-populated\">\n\t\t\t\t\t\t<div class=\"elementor-element elementor-element-489eb7d elementor-widget elementor-widget-restly_title\" data-id=\"489eb7d\" data-element_type=\"widget\" data-e-type=\"widget\" data-widget_type=\"restly_title.default\">\n\t\t\t\t<div class=\"elementor-widget-container\">\n\t\t\t\t\t        <div class=\"restly-section-title-wrapper\">\r\n            <div class=\"restly-section-title\">\r\n                <h6 class=\"restly-section-stitle\"><span>Team<\/span><\/h6>                <h2 class=\"restly-section-title\">\r\n                    Pillars of Transformation                                    <\/h2> \r\n            <\/div>\r\n        <\/div>\r\n        \t\t\t\t<\/div>\n\t\t\t\t<\/div>\n\t\t\t\t<div class=\"elementor-element elementor-element-a544aba elementor-widget elementor-widget-team_style_v2\" data-id=\"a544aba\" data-element_type=\"widget\" data-e-type=\"widget\" data-widget_type=\"team_style_v2.default\">\n\t\t\t\t<div class=\"elementor-widget-container\">\n\t\t\t\t\t        <div class=\"restly-team-style-v2-wrapper\">\r\n            <div class=\"container\">\r\n                <div class=\"row\">\r\n\r\n                    \r\n                    <div class=\"col-12 col-sm-12 col-xl-3 col-lg-6 col-md-6 col-sm-6 col-12\">\r\n                        <div class=\"restly-team-style-v2-item\">\r\n\r\n                            <div class=\"restly-team-style-v2-image\">\r\n                                <img fetchpriority=\"high\" decoding=\"async\" width=\"707\" height=\"566\" src=\"https:\/\/centrounitas.com.br\/wp-content\/uploads\/2024\/03\/daniela.jpeg\" class=\"attachment-post-thumbnail size-post-thumbnail wp-post-image\" alt=\"Centro Unitas\" srcset=\"https:\/\/centrounitas.com.br\/wp-content\/uploads\/2024\/03\/daniela.jpeg 707w, https:\/\/centrounitas.com.br\/wp-content\/uploads\/2024\/03\/daniela-300x240.jpeg 300w\" sizes=\"(max-width: 707px) 100vw, 707px\" \/>                                <div class=\"restly-team-style-v2-social-area\">\r\n                                    <ul>\r\n                                        \r\n                                                                                    <li><a class=\"share-icon\"><i class=\"fas fa-plus\"><\/i><\/a><\/li>\r\n                                    <\/ul>\r\n                                <\/div>\r\n                            <\/div>\r\n\r\n                            <div class=\"restly-team-style-v2-content\">\r\n                                <h5 class=\"restly-team-style-v2-title\"><a href=\"https:\/\/centrounitas.com.br\/en\/equipe\/daniela-wink-ruiz\/\">Daniela Wink Ruiz<\/a><\/h5>\r\n                                                                    <span class=\"restly-team-style-v2-stitle\">Jungian Analyst<\/span>\r\n                                                            <\/div>\r\n\r\n                        <\/div>\r\n                    <\/div>\r\n                    \r\n                    <div class=\"col-12 col-sm-12 col-xl-3 col-lg-6 col-md-6 col-sm-6 col-12\">\r\n                        <div class=\"restly-team-style-v2-item\">\r\n\r\n                            <div class=\"restly-team-style-v2-image\">\r\n                                <img decoding=\"async\" width=\"1038\" height=\"810\" src=\"https:\/\/centrounitas.com.br\/wp-content\/uploads\/2024\/03\/CLAUDIO-home3.jpg\" class=\"attachment-post-thumbnail size-post-thumbnail wp-post-image\" alt=\"Centro Unitas\" srcset=\"https:\/\/centrounitas.com.br\/wp-content\/uploads\/2024\/03\/CLAUDIO-home3.jpg 1038w, https:\/\/centrounitas.com.br\/wp-content\/uploads\/2024\/03\/CLAUDIO-home3-300x234.jpg 300w, https:\/\/centrounitas.com.br\/wp-content\/uploads\/2024\/03\/CLAUDIO-home3-1024x799.jpg 1024w, https:\/\/centrounitas.com.br\/wp-content\/uploads\/2024\/03\/CLAUDIO-home3-768x599.jpg 768w\" sizes=\"(max-width: 1038px) 100vw, 1038px\" \/>                                <div class=\"restly-team-style-v2-social-area\">\r\n                                    <ul>\r\n                                        \r\n                                                                                    <li><a class=\"share-icon\"><i class=\"fas fa-plus\"><\/i><\/a><\/li>\r\n                                    <\/ul>\r\n                                <\/div>\r\n                            <\/div>\r\n\r\n                            <div class=\"restly-team-style-v2-content\">\r\n                                <h5 class=\"restly-team-style-v2-title\"><a href=\"https:\/\/centrounitas.com.br\/en\/equipe\/claudio-mele\/\">Claudio Mele<\/a><\/h5>\r\n                                                                    <span class=\"restly-team-style-v2-stitle\">Jungian Analyst<\/span>\r\n                                                            <\/div>\r\n\r\n                        <\/div>\r\n                    <\/div>\r\n                    \r\n                    <div class=\"col-12 col-sm-12 col-xl-3 col-lg-6 col-md-6 col-sm-6 col-12\">\r\n                        <div class=\"restly-team-style-v2-item\">\r\n\r\n                            <div class=\"restly-team-style-v2-image\">\r\n                                <img decoding=\"async\" width=\"1334\" height=\"1067\" src=\"https:\/\/centrounitas.com.br\/wp-content\/uploads\/2024\/03\/Nicholas.jpeg\" class=\"attachment-post-thumbnail size-post-thumbnail wp-post-image\" alt=\"Centro Unitas\" srcset=\"https:\/\/centrounitas.com.br\/wp-content\/uploads\/2024\/03\/Nicholas.jpeg 1334w, https:\/\/centrounitas.com.br\/wp-content\/uploads\/2024\/03\/Nicholas-300x240.jpeg 300w, https:\/\/centrounitas.com.br\/wp-content\/uploads\/2024\/03\/Nicholas-1024x819.jpeg 1024w, https:\/\/centrounitas.com.br\/wp-content\/uploads\/2024\/03\/Nicholas-768x614.jpeg 768w\" sizes=\"(max-width: 1334px) 100vw, 1334px\" \/>                                <div class=\"restly-team-style-v2-social-area\">\r\n                                    <ul>\r\n                                        \r\n                                                                                    <li><a class=\"share-icon\"><i class=\"fas fa-plus\"><\/i><\/a><\/li>\r\n                                    <\/ul>\r\n                                <\/div>\r\n                            <\/div>\r\n\r\n                            <div class=\"restly-team-style-v2-content\">\r\n                                <h5 class=\"restly-team-style-v2-title\"><a href=\"https:\/\/centrounitas.com.br\/en\/equipe\/nicholas-higgins\/\">Nicholas Higgins<\/a><\/h5>\r\n                                                                    <span class=\"restly-team-style-v2-stitle\">Jungian Analyst<\/span>\r\n                                                            <\/div>\r\n\r\n                        <\/div>\r\n                    <\/div>\r\n                    \r\n                    <div class=\"col-12 col-sm-12 col-xl-3 col-lg-6 col-md-6 col-sm-6 col-12\">\r\n                        <div class=\"restly-team-style-v2-item\">\r\n\r\n                            <div class=\"restly-team-style-v2-image\">\r\n                                <img loading=\"lazy\" decoding=\"async\" width=\"1218\" height=\"974\" src=\"https:\/\/centrounitas.com.br\/wp-content\/uploads\/2024\/03\/luigi-5-4.jpeg\" class=\"attachment-post-thumbnail size-post-thumbnail wp-post-image\" alt=\"Centro Unitas\" srcset=\"https:\/\/centrounitas.com.br\/wp-content\/uploads\/2024\/03\/luigi-5-4.jpeg 1218w, https:\/\/centrounitas.com.br\/wp-content\/uploads\/2024\/03\/luigi-5-4-300x240.jpeg 300w, https:\/\/centrounitas.com.br\/wp-content\/uploads\/2024\/03\/luigi-5-4-1024x819.jpeg 1024w, https:\/\/centrounitas.com.br\/wp-content\/uploads\/2024\/03\/luigi-5-4-768x614.jpeg 768w\" sizes=\"(max-width: 1218px) 100vw, 1218px\" \/>                                <div class=\"restly-team-style-v2-social-area\">\r\n                                    <ul>\r\n                                        \r\n                                                                                    <li><a class=\"share-icon\"><i class=\"fas fa-plus\"><\/i><\/a><\/li>\r\n                                    <\/ul>\r\n                                <\/div>\r\n                            <\/div>\r\n\r\n                            <div class=\"restly-team-style-v2-content\">\r\n                                <h5 class=\"restly-team-style-v2-title\"><a href=\"https:\/\/centrounitas.com.br\/en\/equipe\/luigi-g-ramazio\/\">Luigi G. Ramazio<\/a><\/h5>\r\n                                                                    <span class=\"restly-team-style-v2-stitle\">Jungian Analyst<\/span>\r\n                                                            <\/div>\r\n\r\n                        <\/div>\r\n                    <\/div>\r\n                                    <\/div>\r\n                            <\/div>\r\n        <\/div>\r\n        \t\t\t\t<\/div>\n\t\t\t\t<\/div>\n\t\t\t\t\t<\/div>\n\t\t<\/div>\n\t\t\t\t\t<\/div>\n\t\t<\/section>\n\t\t\t\t<section class=\"elementor-section elementor-top-section elementor-element elementor-element-09a7888 elementor-section-boxed elementor-section-height-default elementor-section-height-default\" data-id=\"09a7888\" data-element_type=\"section\" data-e-type=\"section\" data-settings=\"{&quot;background_background&quot;:&quot;classic&quot;}\">\n\t\t\t\t\t\t<div class=\"elementor-container elementor-column-gap-no\">\n\t\t\t\t\t<div class=\"elementor-column elementor-col-33 elementor-top-column elementor-element elementor-element-4a328e6\" data-id=\"4a328e6\" data-element_type=\"column\" data-e-type=\"column\" data-settings=\"{&quot;background_background&quot;:&quot;classic&quot;}\">\n\t\t\t<div class=\"elementor-widget-wrap elementor-element-populated\">\n\t\t\t\t\t\t<div class=\"elementor-element elementor-element-f4fa416 elementor-widget elementor-widget-spacer\" data-id=\"f4fa416\" data-element_type=\"widget\" data-e-type=\"widget\" data-widget_type=\"spacer.default\">\n\t\t\t\t<div class=\"elementor-widget-container\">\n\t\t\t\t\t\t\t<div class=\"elementor-spacer\">\n\t\t\t<div class=\"elementor-spacer-inner\"><\/div>\n\t\t<\/div>\n\t\t\t\t\t\t<\/div>\n\t\t\t\t<\/div>\n\t\t\t\t\t<\/div>\n\t\t<\/div>\n\t\t\t\t<div class=\"elementor-column elementor-col-66 elementor-top-column elementor-element elementor-element-a79cb83\" data-id=\"a79cb83\" data-element_type=\"column\" data-e-type=\"column\">\n\t\t\t<div class=\"elementor-widget-wrap elementor-element-populated\">\n\t\t\t\t\t\t<div class=\"elementor-element elementor-element-7306384 elementor-widget elementor-widget-restly_about\" data-id=\"7306384\" data-element_type=\"widget\" data-e-type=\"widget\" data-widget_type=\"restly_about.default\">\n\t\t\t\t<div class=\"elementor-widget-container\">\n\t\t\t\t\t        <div class=\"restly-about-wrapper\">\n            <div class=\"restly-about-content text-left\">\n                                \n                <h6 class=\"restly-about-stitle\"><span><\/span><\/h6>\n                \n                <h2 class=\"restly-about-title\">Talk to us<\/h2>\n                <div class=\"restly-about-dec\">\n                    <p>Let&#039;s transform together? Get in touch and start your journey with us. Discover our <strong><a href=\"https:\/\/centrounitas.com.br\/en\/privacy\/\" target=\"_blank\" rel=\"noopener\">Privacy Policy<\/a><\/strong>. By filling out the form you agree with our Policy.<\/p>                <\/div>\n            <\/div>\n        <\/div>\n        \t\t\t\t<\/div>\n\t\t\t\t<\/div>\n\t\t\t\t<div class=\"elementor-element elementor-element-4cd6e53 elementor-widget elementor-widget-shortcode\" data-id=\"4cd6e53\" data-element_type=\"widget\" data-e-type=\"widget\" data-widget_type=\"shortcode.default\">\n\t\t\t\t<div class=\"elementor-widget-container\">\n\t\t\t\t\t\t\t<div class=\"elementor-shortcode\">\n<div class=\"wpcf7 no-js\" id=\"wpcf7-f2368-o1\" lang=\"en-US\" dir=\"ltr\" data-wpcf7-id=\"2368\">\n<div class=\"screen-reader-response\"><p role=\"status\" aria-live=\"polite\" aria-atomic=\"true\"><\/p> <ul><\/ul><\/div>\n<form action=\"\/en\/wp-json\/wp\/v2\/pages\/8673#wpcf7-f2368-o1\" method=\"post\" class=\"wpcf7-form init\" aria-label=\"Contact form\" novalidate=\"novalidate\" data-status=\"init\" data-trp-original-action=\"\/en\/wp-json\/wp\/v2\/pages\/8673#wpcf7-f2368-o1\">\n<fieldset class=\"hidden-fields-container\"><input type=\"hidden\" name=\"_wpcf7\" value=\"2368\" \/><input type=\"hidden\" name=\"_wpcf7_version\" value=\"6.1.5\" \/><input type=\"hidden\" name=\"_wpcf7_locale\" value=\"en_US\" \/><input type=\"hidden\" name=\"_wpcf7_unit_tag\" value=\"wpcf7-f2368-o1\" \/><input type=\"hidden\" name=\"_wpcf7_container_post\" value=\"0\" \/><input type=\"hidden\" name=\"_wpcf7_posted_data_hash\" value=\"\" \/><input type=\"hidden\" name=\"_wpcf7_recaptcha_response\" value=\"\" \/>\n<\/fieldset>\n<div class=\"restly-contact-form\">\n    <div class=\"row\">\n        <div class=\"col-12 col-md-6\">\n            <div class=\"restly-input name\"><span class=\"wpcf7-form-control-wrap\" data-name=\"fullname\"><input size=\"40\" maxlength=\"400\" class=\"wpcf7-form-control wpcf7-text wpcf7-validates-as-required\" aria-required=\"true\" aria-invalid=\"false\" placeholder=\"Name*\" value=\"\" type=\"text\" name=\"fullname\" \/><\/span><\/div>\n        <\/div>\n        <div class=\"col-12 col-md-6\">\n            <div class=\"restly-input email\"><span class=\"wpcf7-form-control-wrap\" data-name=\"youremail\"><input size=\"40\" maxlength=\"400\" class=\"wpcf7-form-control wpcf7-email wpcf7-validates-as-required wpcf7-text wpcf7-validates-as-email\" aria-required=\"true\" aria-invalid=\"false\" placeholder=\"Email*\" value=\"\" type=\"email\" name=\"youremail\" \/><\/span><\/div>\n        <\/div>\n        <div class=\"col-12 col-md-12\">\n            <div class=\"restly-input message\"><span class=\"wpcf7-form-control-wrap\" data-name=\"WriteMessage\"><textarea cols=\"10\" rows=\"5\" maxlength=\"2000\" class=\"wpcf7-form-control wpcf7-textarea wpcf7-validates-as-required\" aria-required=\"true\" aria-invalid=\"false\" placeholder=\"Message\" name=\"WriteMessage\"><\/textarea><\/span><\/div>\n            <div class=\"restly-message-btn\">\n                <input class=\"wpcf7-form-control wpcf7-submit has-spinner\" type=\"submit\" value=\"Send Message\" \/>\n            <\/div>\n        <\/div>\n    <\/div>\n<\/div><div class=\"wpcf7-response-output\" aria-hidden=\"true\"><\/div>\n<input type=\"hidden\" name=\"trp-form-language\" value=\"en\"\/><\/form>\n<\/div>\n<\/div>\n\t\t\t\t\t\t<\/div>\n\t\t\t\t<\/div>\n\t\t\t\t\t<\/div>\n\t\t<\/div>\n\t\t\t\t\t<\/div>\n\t\t<\/section>\n\t\t\t\t<\/div>","protected":false},"excerpt":{"rendered":"<p>Equipe Pilares da Transforma\u00e7\u00e3o Manuela Algeri Jungian Analyst Luigi G. Ramazio Jungian Analyst Claudio Mele Jungian Analyst Nicholas Higgins Jungian Analyst Daniela Wink Ruiz Jungian Analyst Fale com a gente Vamos transformar juntos? Entre em contato e inicie sua jornada conosco. Conhe\u00e7a nossa Pol\u00edtica de Privacidade. Ao preencher o formul\u00e1rio voc\u00ea est\u00e1 de acordo com [&hellip;]<\/p>\n","protected":false},"author":2,"featured_media":0,"parent":0,"menu_order":0,"comment_status":"closed","ping_status":"closed","template":"","meta":{"footnotes":""},"class_list":["post-8673","page","type-page","status-publish","hentry"],"aioseo_notices":[],"_links":{"self":[{"href":"https:\/\/centrounitas.com.br\/en\/wp-json\/wp\/v2\/pages\/8673","targetHints":{"allow":["GET"]}}],"collection":[{"href":"https:\/\/centrounitas.com.br\/en\/wp-json\/wp\/v2\/pages"}],"about":[{"href":"https:\/\/centrounitas.com.br\/en\/wp-json\/wp\/v2\/types\/page"}],"author":[{"embeddable":true,"href":"https:\/\/centrounitas.com.br\/en\/wp-json\/wp\/v2\/users\/2"}],"replies":[{"embeddable":true,"href":"https:\/\/centrounitas.com.br\/en\/wp-json\/wp\/v2\/comments?post=8673"}],"version-history":[{"count":67,"href":"https:\/\/centrounitas.com.br\/en\/wp-json\/wp\/v2\/pages\/8673\/revisions"}],"predecessor-version":[{"id":10795,"href":"https:\/\/centrounitas.com.br\/en\/wp-json\/wp\/v2\/pages\/8673\/revisions\/10795"}],"wp:attachment":[{"href":"https:\/\/centrounitas.com.br\/en\/wp-json\/wp\/v2\/media?parent=8673"}],"curies":[{"name":"wp","href":"https:\/\/api.w.org\/{rel}","templated":true}]}}