{"id":10600,"date":"2024-07-11T17:24:52","date_gmt":"2024-07-11T20:24:52","guid":{"rendered":"https:\/\/centrounitas.com.br\/?page_id=10600"},"modified":"2024-09-03T20:39:05","modified_gmt":"2024-09-03T23:39:05","slug":"psicoterapia","status":"publish","type":"page","link":"https:\/\/centrounitas.com.br\/es\/psicoterapia\/","title":{"rendered":"Psicoterapia"},"content":{"rendered":"<div data-elementor-type=\"wp-page\" data-elementor-id=\"10600\" class=\"elementor elementor-10600\">\n\t\t\t\t<div class=\"elementor-element elementor-element-ce29a1d e-flex e-con-boxed e-con e-parent\" data-id=\"ce29a1d\" data-element_type=\"container\" data-e-type=\"container\">\n\t\t\t\t\t<div class=\"e-con-inner\">\n\t\t\t\t<div class=\"elementor-element elementor-element-d4c63e1 elementor-widget elementor-widget-spacer\" data-id=\"d4c63e1\" data-element_type=\"widget\" data-e-type=\"widget\" data-widget_type=\"spacer.default\">\n\t\t\t\t<div class=\"elementor-widget-container\">\n\t\t\t\t\t\t\t<div class=\"elementor-spacer\">\n\t\t\t<div class=\"elementor-spacer-inner\"><\/div>\n\t\t<\/div>\n\t\t\t\t\t\t<\/div>\n\t\t\t\t<\/div>\n\t\t\t\t\t<\/div>\n\t\t\t\t<\/div>\n\t\t\t\t<section class=\"elementor-section elementor-top-section elementor-element elementor-element-5b9a407 elementor-section-boxed elementor-section-height-default elementor-section-height-default\" data-id=\"5b9a407\" data-element_type=\"section\" data-e-type=\"section\" data-settings=\"{&quot;background_background&quot;:&quot;classic&quot;}\">\n\t\t\t\t\t\t<div class=\"elementor-container elementor-column-gap-default\">\n\t\t\t\t\t<div class=\"elementor-column elementor-col-50 elementor-top-column elementor-element elementor-element-9fdbeec\" data-id=\"9fdbeec\" data-element_type=\"column\" data-e-type=\"column\">\n\t\t\t<div class=\"elementor-widget-wrap elementor-element-populated\">\n\t\t\t\t\t\t<div class=\"elementor-element elementor-element-bce906f elementor-widget elementor-widget-restly_about\" data-id=\"bce906f\" data-element_type=\"widget\" data-e-type=\"widget\" data-widget_type=\"restly_about.default\">\n\t\t\t\t<div class=\"elementor-widget-container\">\n\t\t\t\t\t        <div class=\"restly-about-wrapper\">\n            <div class=\"restly-about-content text-left\">\n                                \n                <h4 class=\"restly-about-stitle\"><span>Psicoan\u00e1lisis<\/span><\/h4>\n                \n                <h2 class=\"restly-about-title\"><\/h2>\n                <div class=\"restly-about-dec\">\n                    <p>En Centro Unitas el servicio de Psicoterapia es una invitaci\u00f3n a un viaje profundo de autoconocimiento y transformaci\u00f3n personal. Arraigado en la psicolog\u00eda anal\u00edtica junguiana, nuestro enfoque terap\u00e9utico busca explorar e integrar los aspectos m\u00e1s profundos del inconsciente, ayudando a las personas a comprender y armonizar los arquetipos y s\u00edmbolos que influyen en sus vidas.<\/p><p>Nuestros analistas  est\u00e1n altamente calificados y comprometidos a brindar un entorno seguro y de apoyo donde los clientes puedan sentirse c\u00f3modos explorando sus pensamientos, sentimientos y experiencias. Creemos que la verdadera curaci\u00f3n y el crecimiento provienen de una comprensi\u00f3n profunda de uno mismo y trabajamos para ayudar a cada persona a lograr esta comprensi\u00f3n de una manera compasiva y respetuosa.<\/p>                <\/div>\n            <\/div>\n        <\/div>\n        \t\t\t\t<\/div>\n\t\t\t\t<\/div>\n\t\t\t\t\t<\/div>\n\t\t<\/div>\n\t\t\t\t<div class=\"elementor-column elementor-col-50 elementor-top-column elementor-element elementor-element-d52bd23\" data-id=\"d52bd23\" data-element_type=\"column\" data-e-type=\"column\">\n\t\t\t<div class=\"elementor-widget-wrap elementor-element-populated\">\n\t\t\t\t\t\t<div class=\"elementor-element elementor-element-2c4cb71 elementor-widget__width-initial elementor-widget elementor-widget-image\" data-id=\"2c4cb71\" data-element_type=\"widget\" data-e-type=\"widget\" data-widget_type=\"image.default\">\n\t\t\t\t<div class=\"elementor-widget-container\">\n\t\t\t\t\t\t\t\t\t\t\t\t\t\t\t<img fetchpriority=\"high\" decoding=\"async\" width=\"600\" height=\"463\" src=\"https:\/\/centrounitas.com.br\/wp-content\/uploads\/2024\/07\/pscicoterapia.png\" class=\"attachment-full size-full wp-image-10654\" alt=\"\" srcset=\"https:\/\/centrounitas.com.br\/wp-content\/uploads\/2024\/07\/pscicoterapia.png 600w, https:\/\/centrounitas.com.br\/wp-content\/uploads\/2024\/07\/pscicoterapia-300x232.png 300w, https:\/\/centrounitas.com.br\/wp-content\/uploads\/2024\/07\/pscicoterapia-16x12.png 16w\" sizes=\"(max-width: 600px) 100vw, 600px\" \/>\t\t\t\t\t\t\t\t\t\t\t\t\t\t\t<\/div>\n\t\t\t\t<\/div>\n\t\t\t\t\t<\/div>\n\t\t<\/div>\n\t\t\t\t\t<\/div>\n\t\t<\/section>\n\t\t\t\t<section class=\"elementor-section elementor-top-section elementor-element elementor-element-1b2261b elementor-section-boxed elementor-section-height-default elementor-section-height-default\" data-id=\"1b2261b\" data-element_type=\"section\" data-e-type=\"section\" data-settings=\"{&quot;background_background&quot;:&quot;classic&quot;}\">\n\t\t\t\t\t\t<div class=\"elementor-container elementor-column-gap-no\">\n\t\t\t\t\t<div class=\"elementor-column elementor-col-33 elementor-top-column elementor-element elementor-element-e9ebb98\" data-id=\"e9ebb98\" data-element_type=\"column\" data-e-type=\"column\" data-settings=\"{&quot;background_background&quot;:&quot;classic&quot;}\">\n\t\t\t<div class=\"elementor-widget-wrap elementor-element-populated\">\n\t\t\t\t\t\t<div class=\"elementor-element elementor-element-11aeffc elementor-widget elementor-widget-spacer\" data-id=\"11aeffc\" data-element_type=\"widget\" data-e-type=\"widget\" data-widget_type=\"spacer.default\">\n\t\t\t\t<div class=\"elementor-widget-container\">\n\t\t\t\t\t\t\t<div class=\"elementor-spacer\">\n\t\t\t<div class=\"elementor-spacer-inner\"><\/div>\n\t\t<\/div>\n\t\t\t\t\t\t<\/div>\n\t\t\t\t<\/div>\n\t\t\t\t\t<\/div>\n\t\t<\/div>\n\t\t\t\t<div class=\"elementor-column elementor-col-66 elementor-top-column elementor-element elementor-element-5106a35\" data-id=\"5106a35\" data-element_type=\"column\" data-e-type=\"column\">\n\t\t\t<div class=\"elementor-widget-wrap elementor-element-populated\">\n\t\t\t\t\t\t<div class=\"elementor-element elementor-element-542d1a2 elementor-widget elementor-widget-restly_about\" data-id=\"542d1a2\" data-element_type=\"widget\" data-e-type=\"widget\" data-widget_type=\"restly_about.default\">\n\t\t\t\t<div class=\"elementor-widget-container\">\n\t\t\t\t\t        <div class=\"restly-about-wrapper\">\n            <div class=\"restly-about-content text-left\">\n                                \n                <h6 class=\"restly-about-stitle\"><span><\/span><\/h6>\n                \n                <h2 class=\"restly-about-title\">H\u00e1blanos<\/h2>\n                <div class=\"restly-about-dec\">\n                    <p>\u00bfVamos a transformarnos juntos? Ponte en contacto y comienza tu viaje con nosotros. Descubra nuestros <strong><a href=\"https:\/\/centrounitas.com.br\/es\/privacidad\/\" target=\"_blank\" rel=\"noopener\">Pol\u00edtica de Privacidad<\/a><\/strong>. Al completar el formulario usted acepta nuestra Pol\u00edtica.<\/p>                <\/div>\n            <\/div>\n        <\/div>\n        \t\t\t\t<\/div>\n\t\t\t\t<\/div>\n\t\t\t\t<div class=\"elementor-element elementor-element-d50a19a elementor-widget elementor-widget-shortcode\" data-id=\"d50a19a\" data-element_type=\"widget\" data-e-type=\"widget\" data-widget_type=\"shortcode.default\">\n\t\t\t\t<div class=\"elementor-widget-container\">\n\t\t\t\t\t\t\t<div class=\"elementor-shortcode\">\n<div class=\"wpcf7 no-js\" id=\"wpcf7-f2368-o1\" lang=\"en-US\" dir=\"ltr\" data-wpcf7-id=\"2368\">\n<div class=\"screen-reader-response\"><p role=\"status\" aria-live=\"polite\" aria-atomic=\"true\"><\/p> <ul><\/ul><\/div>\n<form action=\"\/es\/wp-json\/wp\/v2\/pages\/10600#wpcf7-f2368-o1\" method=\"post\" class=\"wpcf7-form init\" aria-label=\"Contact form\" novalidate=\"novalidate\" data-status=\"init\" data-trp-original-action=\"\/es\/wp-json\/wp\/v2\/pages\/10600#wpcf7-f2368-o1\">\n<fieldset class=\"hidden-fields-container\"><input type=\"hidden\" name=\"_wpcf7\" value=\"2368\" \/><input type=\"hidden\" name=\"_wpcf7_version\" value=\"6.1.5\" \/><input type=\"hidden\" name=\"_wpcf7_locale\" value=\"en_US\" \/><input type=\"hidden\" name=\"_wpcf7_unit_tag\" value=\"wpcf7-f2368-o1\" \/><input type=\"hidden\" name=\"_wpcf7_container_post\" value=\"0\" \/><input type=\"hidden\" name=\"_wpcf7_posted_data_hash\" value=\"\" \/><input type=\"hidden\" name=\"_wpcf7_recaptcha_response\" value=\"\" \/>\n<\/fieldset>\n<div class=\"restly-contact-form\">\n    <div class=\"row\">\n        <div class=\"col-12 col-md-6\">\n            <div class=\"restly-input name\"><span class=\"wpcf7-form-control-wrap\" data-name=\"fullname\"><input size=\"40\" maxlength=\"400\" class=\"wpcf7-form-control wpcf7-text wpcf7-validates-as-required\" aria-required=\"true\" aria-invalid=\"false\" placeholder=\"Nombre*\" value=\"\" type=\"text\" name=\"fullname\" \/><\/span><\/div>\n        <\/div>\n        <div class=\"col-12 col-md-6\">\n            <div class=\"restly-input email\"><span class=\"wpcf7-form-control-wrap\" data-name=\"youremail\"><input size=\"40\" maxlength=\"400\" class=\"wpcf7-form-control wpcf7-email wpcf7-validates-as-required wpcf7-text wpcf7-validates-as-email\" aria-required=\"true\" aria-invalid=\"false\" placeholder=\"Correo electr\u00f3nico*\" value=\"\" type=\"email\" name=\"youremail\" \/><\/span><\/div>\n        <\/div>\n        <div class=\"col-12 col-md-12\">\n            <div class=\"restly-input message\"><span class=\"wpcf7-form-control-wrap\" data-name=\"WriteMessage\"><textarea cols=\"10\" rows=\"5\" maxlength=\"2000\" class=\"wpcf7-form-control wpcf7-textarea wpcf7-validates-as-required\" aria-required=\"true\" aria-invalid=\"false\" placeholder=\"Mensaje\" name=\"WriteMessage\"><\/textarea><\/span><\/div>\n            <div class=\"restly-message-btn\">\n                <input class=\"wpcf7-form-control wpcf7-submit has-spinner\" type=\"submit\" value=\"Enviar mensaje\" \/>\n            <\/div>\n        <\/div>\n    <\/div>\n<\/div><div class=\"wpcf7-response-output\" aria-hidden=\"true\"><\/div>\n<input type=\"hidden\" name=\"trp-form-language\" value=\"es\"\/><\/form>\n<\/div>\n<\/div>\n\t\t\t\t\t\t<\/div>\n\t\t\t\t<\/div>\n\t\t\t\t\t<\/div>\n\t\t<\/div>\n\t\t\t\t\t<\/div>\n\t\t<\/section>\n\t\t\t\t<\/div>","protected":false},"excerpt":{"rendered":"<p>Psicoan\u00e1lise No Centro Unitas, o servi\u00e7o de Psicoterapia \u00e9 um convite para uma jornada profunda de autoconhecimento e transforma\u00e7\u00e3o pessoal. Enraizado na psicologia anal\u00edtica junguiana, nosso enfoque terap\u00eautico busca explorar e integrar os aspectos mais profundos do inconsciente, ajudando os indiv\u00edduos a compreender e a harmonizar os arqu\u00e9tipos e s\u00edmbolos que influenciam suas vidas. Nossos [&hellip;]<\/p>\n","protected":false},"author":2,"featured_media":0,"parent":0,"menu_order":0,"comment_status":"closed","ping_status":"closed","template":"","meta":{"footnotes":""},"class_list":["post-10600","page","type-page","status-publish","hentry"],"aioseo_notices":[],"_links":{"self":[{"href":"https:\/\/centrounitas.com.br\/es\/wp-json\/wp\/v2\/pages\/10600","targetHints":{"allow":["GET"]}}],"collection":[{"href":"https:\/\/centrounitas.com.br\/es\/wp-json\/wp\/v2\/pages"}],"about":[{"href":"https:\/\/centrounitas.com.br\/es\/wp-json\/wp\/v2\/types\/page"}],"author":[{"embeddable":true,"href":"https:\/\/centrounitas.com.br\/es\/wp-json\/wp\/v2\/users\/2"}],"replies":[{"embeddable":true,"href":"https:\/\/centrounitas.com.br\/es\/wp-json\/wp\/v2\/comments?post=10600"}],"version-history":[{"count":20,"href":"https:\/\/centrounitas.com.br\/es\/wp-json\/wp\/v2\/pages\/10600\/revisions"}],"predecessor-version":[{"id":10771,"href":"https:\/\/centrounitas.com.br\/es\/wp-json\/wp\/v2\/pages\/10600\/revisions\/10771"}],"wp:attachment":[{"href":"https:\/\/centrounitas.com.br\/es\/wp-json\/wp\/v2\/media?parent=10600"}],"curies":[{"name":"wp","href":"https:\/\/api.w.org\/{rel}","templated":true}]}}