{"id":1101,"date":"2021-04-29T17:00:36","date_gmt":"2021-04-29T17:00:36","guid":{"rendered":"http:\/\/wptf.themepul.com\/restly\/?page_id=1101"},"modified":"2024-09-03T20:32:22","modified_gmt":"2024-09-03T23:32:22","slug":"contato","status":"publish","type":"page","link":"https:\/\/centrounitas.com.br\/it\/contato\/","title":{"rendered":"Contatto"},"content":{"rendered":"<div data-elementor-type=\"wp-page\" data-elementor-id=\"1101\" class=\"elementor elementor-1101\">\n\t\t\t\t\t\t<section class=\"elementor-section elementor-top-section elementor-element elementor-element-f5f88f5 elementor-section-boxed elementor-section-height-default elementor-section-height-default\" data-id=\"f5f88f5\" data-element_type=\"section\" data-e-type=\"section\">\n\t\t\t\t\t\t<div class=\"elementor-container elementor-column-gap-default\">\n\t\t\t\t\t<div class=\"elementor-column elementor-col-100 elementor-top-column elementor-element elementor-element-b890049\" data-id=\"b890049\" data-element_type=\"column\" data-e-type=\"column\">\n\t\t\t<div class=\"elementor-widget-wrap elementor-element-populated\">\n\t\t\t\t\t\t<div class=\"elementor-element elementor-element-9c6a1b9 elementor-widget elementor-widget-spacer\" data-id=\"9c6a1b9\" data-element_type=\"widget\" data-e-type=\"widget\" data-widget_type=\"spacer.default\">\n\t\t\t\t<div class=\"elementor-widget-container\">\n\t\t\t\t\t\t\t<div class=\"elementor-spacer\">\n\t\t\t<div class=\"elementor-spacer-inner\"><\/div>\n\t\t<\/div>\n\t\t\t\t\t\t<\/div>\n\t\t\t\t<\/div>\n\t\t\t\t\t<\/div>\n\t\t<\/div>\n\t\t\t\t\t<\/div>\n\t\t<\/section>\n\t\t\t\t<section class=\"elementor-section elementor-top-section elementor-element elementor-element-134dea6 elementor-section-boxed elementor-section-height-default elementor-section-height-default\" data-id=\"134dea6\" data-element_type=\"section\" data-e-type=\"section\">\n\t\t\t\t\t\t<div class=\"elementor-container elementor-column-gap-default\">\n\t\t\t\t\t<div class=\"elementor-column elementor-col-100 elementor-top-column elementor-element elementor-element-af798c2\" data-id=\"af798c2\" data-element_type=\"column\" data-e-type=\"column\">\n\t\t\t<div class=\"elementor-widget-wrap elementor-element-populated\">\n\t\t\t\t\t\t<section class=\"elementor-section elementor-inner-section elementor-element elementor-element-ca7972e elementor-section-boxed elementor-section-height-default elementor-section-height-default\" data-id=\"ca7972e\" data-element_type=\"section\" data-e-type=\"section\">\n\t\t\t\t\t\t<div class=\"elementor-container elementor-column-gap-default\">\n\t\t\t\t\t<div class=\"elementor-column elementor-col-50 elementor-inner-column elementor-element elementor-element-f3f73d2\" data-id=\"f3f73d2\" data-element_type=\"column\" data-e-type=\"column\">\n\t\t\t<div class=\"elementor-widget-wrap elementor-element-populated\">\n\t\t\t\t\t\t<div class=\"elementor-element elementor-element-c38cc1f elementor-widget elementor-widget-restly_contactinfo_box\" data-id=\"c38cc1f\" data-element_type=\"widget\" data-e-type=\"widget\" data-widget_type=\"restly_contactinfo_box.default\">\n\t\t\t\t<div class=\"elementor-widget-container\">\n\t\t\t\t\t        <div class=\"restly-contactinfo-box-wrapper\">\r\n            <div class=\"restly-contact-info-box\">\r\n                <div class=\"restly-cinfo-box-icon\">\r\n                    <i class=\"fas fa-map-marked-alt\"><\/i>\r\n                <\/div>\r\n                <div class=\"restly-cinfo-box-dec\">\r\n                    <p>Paesi in cui opera:<\/p><p>Brasile, Portogallo, Spagna, Argentina, Svizzera, Italia, Francia e Germania<\/p>                <\/div>\r\n                            <\/div>\r\n        <\/div>\r\n        \t\t\t\t<\/div>\n\t\t\t\t<\/div>\n\t\t\t\t\t<\/div>\n\t\t<\/div>\n\t\t\t\t<div class=\"elementor-column elementor-col-50 elementor-inner-column elementor-element elementor-element-16296a4\" data-id=\"16296a4\" data-element_type=\"column\" data-e-type=\"column\">\n\t\t\t<div class=\"elementor-widget-wrap elementor-element-populated\">\n\t\t\t\t\t\t<div class=\"elementor-element elementor-element-14ad2b8 elementor-widget elementor-widget-restly_contactinfo_box\" data-id=\"14ad2b8\" data-element_type=\"widget\" data-e-type=\"widget\" data-widget_type=\"restly_contactinfo_box.default\">\n\t\t\t\t<div class=\"elementor-widget-container\">\n\t\t\t\t\t        <div class=\"restly-contactinfo-box-wrapper\">\r\n            <div class=\"restly-contact-info-box\">\r\n                <div class=\"restly-cinfo-box-icon\">\r\n                    <i class=\"flaticon flaticon-email\"><\/i>\r\n                <\/div>\r\n                <div class=\"restly-cinfo-box-dec\">\r\n                    <p>Nosso e-mail:<\/p><p>contact@centrounitas.com.br\u00a0<\/p>                <\/div>\r\n                            <\/div>\r\n        <\/div>\r\n        \t\t\t\t<\/div>\n\t\t\t\t<\/div>\n\t\t\t\t\t<\/div>\n\t\t<\/div>\n\t\t\t\t\t<\/div>\n\t\t<\/section>\n\t\t\t\t\t<\/div>\n\t\t<\/div>\n\t\t\t\t\t<\/div>\n\t\t<\/section>\n\t\t\t\t<section class=\"elementor-section elementor-top-section elementor-element elementor-element-1009337 elementor-section-boxed elementor-section-height-default elementor-section-height-default\" data-id=\"1009337\" data-element_type=\"section\" data-e-type=\"section\" data-settings=\"{&quot;background_background&quot;:&quot;classic&quot;}\">\n\t\t\t\t\t\t<div class=\"elementor-container elementor-column-gap-no\">\n\t\t\t\t\t<div class=\"elementor-column elementor-col-33 elementor-top-column elementor-element elementor-element-3ef894c\" data-id=\"3ef894c\" data-element_type=\"column\" data-e-type=\"column\" data-settings=\"{&quot;background_background&quot;:&quot;classic&quot;}\">\n\t\t\t<div class=\"elementor-widget-wrap elementor-element-populated\">\n\t\t\t\t\t\t<div class=\"elementor-element elementor-element-d7da9df elementor-widget elementor-widget-spacer\" data-id=\"d7da9df\" data-element_type=\"widget\" data-e-type=\"widget\" data-widget_type=\"spacer.default\">\n\t\t\t\t<div class=\"elementor-widget-container\">\n\t\t\t\t\t\t\t<div class=\"elementor-spacer\">\n\t\t\t<div class=\"elementor-spacer-inner\"><\/div>\n\t\t<\/div>\n\t\t\t\t\t\t<\/div>\n\t\t\t\t<\/div>\n\t\t\t\t\t<\/div>\n\t\t<\/div>\n\t\t\t\t<div class=\"elementor-column elementor-col-66 elementor-top-column elementor-element elementor-element-2929a58\" data-id=\"2929a58\" data-element_type=\"column\" data-e-type=\"column\">\n\t\t\t<div class=\"elementor-widget-wrap elementor-element-populated\">\n\t\t\t\t\t\t<div class=\"elementor-element elementor-element-868ec6f elementor-widget elementor-widget-restly_about\" data-id=\"868ec6f\" data-element_type=\"widget\" data-e-type=\"widget\" data-widget_type=\"restly_about.default\">\n\t\t\t\t<div class=\"elementor-widget-container\">\n\t\t\t\t\t        <div class=\"restly-about-wrapper\">\n            <div class=\"restly-about-content text-left\">\n                                \n                <h6 class=\"restly-about-stitle\"><span><\/span><\/h6>\n                \n                <h2 class=\"restly-about-title\">Parla con noi<\/h2>\n                <div class=\"restly-about-dec\">\n                    <p>Contatta e inizia il tuo percorso con noi. Leggi la nostra <strong><a href=\"https:\/\/centrounitas.com.br\/it\/privacidade\/\" target=\"_blank\" rel=\"noopener\">politica sulla riservatezza<\/a><\/strong>. Compilando il modulo accetti la nostra Policy.<\/p>                <\/div>\n            <\/div>\n        <\/div>\n        \t\t\t\t<\/div>\n\t\t\t\t<\/div>\n\t\t\t\t<div class=\"elementor-element elementor-element-2ecb550 elementor-widget elementor-widget-shortcode\" data-id=\"2ecb550\" data-element_type=\"widget\" data-e-type=\"widget\" data-widget_type=\"shortcode.default\">\n\t\t\t\t<div class=\"elementor-widget-container\">\n\t\t\t\t\t\t\t<div class=\"elementor-shortcode\">\n<div class=\"wpcf7 no-js\" id=\"wpcf7-f2368-o1\" lang=\"en-US\" dir=\"ltr\" data-wpcf7-id=\"2368\">\n<div class=\"screen-reader-response\"><p role=\"status\" aria-live=\"polite\" aria-atomic=\"true\"><\/p> <ul><\/ul><\/div>\n<form action=\"\/it\/wp-json\/wp\/v2\/pages\/1101#wpcf7-f2368-o1\" method=\"post\" class=\"wpcf7-form init\" aria-label=\"Contact form\" novalidate=\"novalidate\" data-status=\"init\" data-trp-original-action=\"\/it\/wp-json\/wp\/v2\/pages\/1101#wpcf7-f2368-o1\">\n<fieldset class=\"hidden-fields-container\"><input type=\"hidden\" name=\"_wpcf7\" value=\"2368\" \/><input type=\"hidden\" name=\"_wpcf7_version\" value=\"6.1.5\" \/><input type=\"hidden\" name=\"_wpcf7_locale\" value=\"en_US\" \/><input type=\"hidden\" name=\"_wpcf7_unit_tag\" value=\"wpcf7-f2368-o1\" \/><input type=\"hidden\" name=\"_wpcf7_container_post\" value=\"0\" \/><input type=\"hidden\" name=\"_wpcf7_posted_data_hash\" value=\"\" \/><input type=\"hidden\" name=\"_wpcf7_recaptcha_response\" value=\"\" \/>\n<\/fieldset>\n<div class=\"restly-contact-form\">\n    <div class=\"row\">\n        <div class=\"col-12 col-md-6\">\n            <div class=\"restly-input name\"><span class=\"wpcf7-form-control-wrap\" data-name=\"fullname\"><input size=\"40\" maxlength=\"400\" class=\"wpcf7-form-control wpcf7-text wpcf7-validates-as-required\" aria-required=\"true\" aria-invalid=\"false\" placeholder=\"Nome\" value=\"\" type=\"text\" name=\"fullname\" \/><\/span><\/div>\n        <\/div>\n        <div class=\"col-12 col-md-6\">\n            <div class=\"restly-input email\"><span class=\"wpcf7-form-control-wrap\" data-name=\"youremail\"><input size=\"40\" maxlength=\"400\" class=\"wpcf7-form-control wpcf7-email wpcf7-validates-as-required wpcf7-text wpcf7-validates-as-email\" aria-required=\"true\" aria-invalid=\"false\" placeholder=\"E-mail\" value=\"\" type=\"email\" name=\"youremail\" \/><\/span><\/div>\n        <\/div>\n        <div class=\"col-12 col-md-12\">\n            <div class=\"restly-input message\"><span class=\"wpcf7-form-control-wrap\" data-name=\"WriteMessage\"><textarea cols=\"10\" rows=\"5\" maxlength=\"2000\" class=\"wpcf7-form-control wpcf7-textarea wpcf7-validates-as-required\" aria-required=\"true\" aria-invalid=\"false\" placeholder=\"Messaggio\" name=\"WriteMessage\"><\/textarea><\/span><\/div>\n            <div class=\"restly-message-btn\">\n                <input class=\"wpcf7-form-control wpcf7-submit has-spinner\" type=\"submit\" value=\"Invia messaggio\" \/>\n            <\/div>\n        <\/div>\n    <\/div>\n<\/div><div class=\"wpcf7-response-output\" aria-hidden=\"true\"><\/div>\n<input type=\"hidden\" name=\"trp-form-language\" value=\"it\"\/><\/form>\n<\/div>\n<\/div>\n\t\t\t\t\t\t<\/div>\n\t\t\t\t<\/div>\n\t\t\t\t\t<\/div>\n\t\t<\/div>\n\t\t\t\t\t<\/div>\n\t\t<\/section>\n\t\t\t\t<\/div>","protected":false},"excerpt":{"rendered":"<p>Pa\u00edses de atua\u00e7\u00e3o: Brasil, Portugal, Espanha, Argentina, Su\u00ed\u00e7a, It\u00e1lia, Fran\u00e7a e Alemanha Nosso e-mail: contact@centrounitas.com.br Fale com a gente Vamos transformar juntos? Entre em contato e inicie sua jornada conosco. Conhe\u00e7a nossa Pol\u00edtica de Privacidade. Ao preencher o formul\u00e1rio voc\u00ea est\u00e1 de acordo com nossa Pol\u00edtica.<\/p>","protected":false},"author":2,"featured_media":0,"parent":0,"menu_order":0,"comment_status":"closed","ping_status":"closed","template":"blank-template.php","meta":{"footnotes":""},"class_list":["post-1101","page","type-page","status-publish","hentry"],"aioseo_notices":[],"_links":{"self":[{"href":"https:\/\/centrounitas.com.br\/it\/wp-json\/wp\/v2\/pages\/1101","targetHints":{"allow":["GET"]}}],"collection":[{"href":"https:\/\/centrounitas.com.br\/it\/wp-json\/wp\/v2\/pages"}],"about":[{"href":"https:\/\/centrounitas.com.br\/it\/wp-json\/wp\/v2\/types\/page"}],"author":[{"embeddable":true,"href":"https:\/\/centrounitas.com.br\/it\/wp-json\/wp\/v2\/users\/2"}],"replies":[{"embeddable":true,"href":"https:\/\/centrounitas.com.br\/it\/wp-json\/wp\/v2\/comments?post=1101"}],"version-history":[{"count":33,"href":"https:\/\/centrounitas.com.br\/it\/wp-json\/wp\/v2\/pages\/1101\/revisions"}],"predecessor-version":[{"id":10767,"href":"https:\/\/centrounitas.com.br\/it\/wp-json\/wp\/v2\/pages\/1101\/revisions\/10767"}],"wp:attachment":[{"href":"https:\/\/centrounitas.com.br\/it\/wp-json\/wp\/v2\/media?parent=1101"}],"curies":[{"name":"wp","href":"https:\/\/api.w.org\/{rel}","templated":true}]}}